{"id":14,"date":"2024-08-22T13:57:18","date_gmt":"2024-08-22T16:57:18","guid":{"rendered":"https:\/\/carolcastroacb.com\/?page_id=14"},"modified":"2024-08-26T16:56:49","modified_gmt":"2024-08-26T19:56:49","slug":"elementor-14","status":"publish","type":"page","link":"https:\/\/carolcastroacb.com\/index.php\/elementor-14\/","title":{"rendered":"#emocionadajamais"},"content":{"rendered":"\t\t<div data-elementor-type=\"wp-page\" data-elementor-id=\"14\" class=\"elementor elementor-14\">\n\t\t\t\t<div class=\"elementor-element elementor-element-0cbdc9c e-flex e-con-boxed e-con e-parent\" data-id=\"0cbdc9c\" data-element_type=\"container\" data-settings=\"{&quot;background_background&quot;:&quot;classic&quot;}\">\n\t\t\t\t\t<div class=\"e-con-inner\">\n\t\t<div class=\"elementor-element elementor-element-0e9bec9 e-con-full e-flex e-con e-child\" data-id=\"0e9bec9\" data-element_type=\"container\">\n\t\t\t\t<div class=\"elementor-element elementor-element-46fdebb elementor-widget elementor-widget-heading\" data-id=\"46fdebb\" data-element_type=\"widget\" data-widget_type=\"heading.default\">\n\t\t\t\t<div class=\"elementor-widget-container\">\n\t\t\t<style>\/*! elementor - v3.23.0 - 05-08-2024 *\/\n.elementor-heading-title{padding:0;margin:0;line-height:1}.elementor-widget-heading .elementor-heading-title[class*=elementor-size-]>a{color:inherit;font-size:inherit;line-height:inherit}.elementor-widget-heading .elementor-heading-title.elementor-size-small{font-size:15px}.elementor-widget-heading .elementor-heading-title.elementor-size-medium{font-size:19px}.elementor-widget-heading .elementor-heading-title.elementor-size-large{font-size:29px}.elementor-widget-heading .elementor-heading-title.elementor-size-xl{font-size:39px}.elementor-widget-heading .elementor-heading-title.elementor-size-xxl{font-size:59px}<\/style><h2 class=\"elementor-heading-title elementor-size-default\">J\u00e1 se envolveu com algu\u00e9m por car\u00eancia e no final quem saiu machucado foi voc\u00ea?<\/h2>\t\t<\/div>\n\t\t\t\t<\/div>\n\t\t\t\t<div class=\"elementor-element elementor-element-cc58447 elementor-widget elementor-widget-text-editor\" data-id=\"cc58447\" data-element_type=\"widget\" data-widget_type=\"text-editor.default\">\n\t\t\t\t<div class=\"elementor-widget-container\">\n\t\t\t<style>\/*! elementor - v3.23.0 - 05-08-2024 *\/\n.elementor-widget-text-editor.elementor-drop-cap-view-stacked .elementor-drop-cap{background-color:#69727d;color:#fff}.elementor-widget-text-editor.elementor-drop-cap-view-framed .elementor-drop-cap{color:#69727d;border:3px solid;background-color:transparent}.elementor-widget-text-editor:not(.elementor-drop-cap-view-default) .elementor-drop-cap{margin-top:8px}.elementor-widget-text-editor:not(.elementor-drop-cap-view-default) .elementor-drop-cap-letter{width:1em;height:1em}.elementor-widget-text-editor .elementor-drop-cap{float:left;text-align:center;line-height:1;font-size:50px}.elementor-widget-text-editor .elementor-drop-cap-letter{display:inline-block}<\/style>\t\t\t\t<p><span style=\"font-size: 17.8614px;\">Ent\u00e3o Pare de sofrer com seus relacionamentos e conhe\u00e7a as 31 t\u00e9cnicas para fortalecer sua forma de se relacionar com: familiares, amigos e namorado.&nbsp;<\/span><\/p>\t\t\t\t\t\t<\/div>\n\t\t\t\t<\/div>\n\t\t\t\t<div class=\"elementor-element elementor-element-ab16e62 elementor-invisible elementor-widget elementor-widget-image\" data-id=\"ab16e62\" data-element_type=\"widget\" data-settings=\"{&quot;_animation&quot;:&quot;fadeInDown&quot;}\" data-widget_type=\"image.default\">\n\t\t\t\t<div class=\"elementor-widget-container\">\n\t\t\t<style>\/*! elementor - v3.23.0 - 05-08-2024 *\/\n.elementor-widget-image{text-align:center}.elementor-widget-image a{display:inline-block}.elementor-widget-image a img[src$=\".svg\"]{width:48px}.elementor-widget-image img{vertical-align:middle;display:inline-block}<\/style>\t\t\t\t\t\t\t\t\t\t<img fetchpriority=\"high\" decoding=\"async\" width=\"1024\" height=\"295\" src=\"https:\/\/carolcastroacb.com\/wp-content\/uploads\/2024\/08\/sofrer-nuncamais-1-1024x295.png\" class=\"attachment-large size-large wp-image-23\" alt=\"\" srcset=\"https:\/\/carolcastroacb.com\/wp-content\/uploads\/2024\/08\/sofrer-nuncamais-1-1024x295.png 1024w, https:\/\/carolcastroacb.com\/wp-content\/uploads\/2024\/08\/sofrer-nuncamais-1-300x87.png 300w, https:\/\/carolcastroacb.com\/wp-content\/uploads\/2024\/08\/sofrer-nuncamais-1-768x221.png 768w, https:\/\/carolcastroacb.com\/wp-content\/uploads\/2024\/08\/sofrer-nuncamais-1-1536x443.png 1536w, https:\/\/carolcastroacb.com\/wp-content\/uploads\/2024\/08\/sofrer-nuncamais-1-600x173.png 600w, https:\/\/carolcastroacb.com\/wp-content\/uploads\/2024\/08\/sofrer-nuncamais-1.png 1824w\" sizes=\"(max-width: 1024px) 100vw, 1024px\" \/>\t\t\t\t\t\t\t\t\t\t\t\t\t<\/div>\n\t\t\t\t<\/div>\n\t\t\t\t<\/div>\n\t\t<div class=\"elementor-element elementor-element-35e7f66 e-con-full e-flex e-con e-child\" data-id=\"35e7f66\" data-element_type=\"container\">\n\t\t\t\t<div class=\"elementor-element elementor-element-d1d610c animated-slow elementor-invisible elementor-widget elementor-widget-image\" data-id=\"d1d610c\" data-element_type=\"widget\" data-settings=\"{&quot;_animation&quot;:&quot;slideInDown&quot;,&quot;_animation_delay&quot;:300}\" data-widget_type=\"image.default\">\n\t\t\t\t<div class=\"elementor-widget-container\">\n\t\t\t\t\t\t\t\t\t\t\t\t\t<img decoding=\"async\" width=\"1327\" height=\"1331\" src=\"https:\/\/carolcastroacb.com\/wp-content\/uploads\/2024\/08\/sofrer-nuncamais-4.png\" class=\"attachment-full size-full wp-image-25\" alt=\"\" srcset=\"https:\/\/carolcastroacb.com\/wp-content\/uploads\/2024\/08\/sofrer-nuncamais-4.png 1327w, https:\/\/carolcastroacb.com\/wp-content\/uploads\/2024\/08\/sofrer-nuncamais-4-300x300.png 300w, https:\/\/carolcastroacb.com\/wp-content\/uploads\/2024\/08\/sofrer-nuncamais-4-1021x1024.png 1021w, https:\/\/carolcastroacb.com\/wp-content\/uploads\/2024\/08\/sofrer-nuncamais-4-150x150.png 150w, https:\/\/carolcastroacb.com\/wp-content\/uploads\/2024\/08\/sofrer-nuncamais-4-768x770.png 768w, https:\/\/carolcastroacb.com\/wp-content\/uploads\/2024\/08\/sofrer-nuncamais-4-450x450.png 450w, https:\/\/carolcastroacb.com\/wp-content\/uploads\/2024\/08\/sofrer-nuncamais-4-600x602.png 600w, https:\/\/carolcastroacb.com\/wp-content\/uploads\/2024\/08\/sofrer-nuncamais-4-100x100.png 100w\" sizes=\"(max-width: 1327px) 100vw, 1327px\" \/>\t\t\t\t\t\t\t\t\t\t\t\t\t<\/div>\n\t\t\t\t<\/div>\n\t\t\t\t<\/div>\n\t\t\t\t\t<\/div>\n\t\t\t\t<\/div>\n\t\t<div class=\"elementor-element elementor-element-5e2ba7b e-flex e-con-boxed e-con e-parent\" data-id=\"5e2ba7b\" data-element_type=\"container\" data-settings=\"{&quot;background_background&quot;:&quot;classic&quot;}\">\n\t\t\t\t\t<div class=\"e-con-inner\">\n\t\t<div class=\"elementor-element elementor-element-4cf75d2 e-con-full e-flex e-con e-child\" data-id=\"4cf75d2\" data-element_type=\"container\">\n\t\t\t\t<\/div>\n\t\t\t\t<div class=\"elementor-element elementor-element-6805f73 elementor-widget elementor-widget-text-editor\" data-id=\"6805f73\" data-element_type=\"widget\" data-widget_type=\"text-editor.default\">\n\t\t\t\t<div class=\"elementor-widget-container\">\n\t\t\t\t\t\t\t<p>Adquira agora o ebook:<\/p><p>EMOCIONADA JAMAIS<\/p>\t\t\t\t\t\t<\/div>\n\t\t\t\t<\/div>\n\t\t\t\t\t<\/div>\n\t\t\t\t<\/div>\n\t\t<div class=\"elementor-element elementor-element-3cdec84 e-flex e-con-boxed e-con e-parent\" data-id=\"3cdec84\" data-element_type=\"container\" data-settings=\"{&quot;background_background&quot;:&quot;classic&quot;}\">\n\t\t\t\t\t<div class=\"e-con-inner\">\n\t\t\t\t<div class=\"elementor-element elementor-element-d484adb animated-slow elementor-invisible elementor-widget elementor-widget-image\" data-id=\"d484adb\" data-element_type=\"widget\" data-settings=\"{&quot;_animation&quot;:&quot;tada&quot;,&quot;_animation_delay&quot;:400}\" data-widget_type=\"image.default\">\n\t\t\t\t<div class=\"elementor-widget-container\">\n\t\t\t\t\t\t\t\t\t\t\t\t\t\t<a href=\"https:\/\/checkout4.xgrow.com\/pt\/02af6334-bc84-4269-b693-b3ff2b858d05\/NjE1ODM=\">\n\t\t\t\t\t\t\t<img decoding=\"async\" width=\"1024\" height=\"146\" src=\"https:\/\/carolcastroacb.com\/wp-content\/uploads\/2024\/08\/sofrer-nuncamais-5-1024x146.png\" class=\"attachment-large size-large wp-image-26\" alt=\"\" srcset=\"https:\/\/carolcastroacb.com\/wp-content\/uploads\/2024\/08\/sofrer-nuncamais-5-1024x146.png 1024w, https:\/\/carolcastroacb.com\/wp-content\/uploads\/2024\/08\/sofrer-nuncamais-5-300x43.png 300w, https:\/\/carolcastroacb.com\/wp-content\/uploads\/2024\/08\/sofrer-nuncamais-5-768x110.png 768w, https:\/\/carolcastroacb.com\/wp-content\/uploads\/2024\/08\/sofrer-nuncamais-5-600x86.png 600w, https:\/\/carolcastroacb.com\/wp-content\/uploads\/2024\/08\/sofrer-nuncamais-5.png 1036w\" sizes=\"(max-width: 1024px) 100vw, 1024px\" \/>\t\t\t\t\t\t\t\t<\/a>\n\t\t\t\t\t\t\t\t\t\t\t\t\t<\/div>\n\t\t\t\t<\/div>\n\t\t\t\t\t<\/div>\n\t\t\t\t<\/div>\n\t\t<div class=\"elementor-element elementor-element-bd59edc e-flex e-con-boxed e-con e-parent\" data-id=\"bd59edc\" data-element_type=\"container\" data-settings=\"{&quot;background_background&quot;:&quot;classic&quot;}\">\n\t\t\t\t\t<div class=\"e-con-inner\">\n\t\t\t\t<div class=\"elementor-element elementor-element-5fe9128 elementor-widget-mobile__width-initial elementor-widget elementor-widget-image\" data-id=\"5fe9128\" data-element_type=\"widget\" data-widget_type=\"image.default\">\n\t\t\t\t<div class=\"elementor-widget-container\">\n\t\t\t\t\t\t\t\t\t\t\t\t\t<img loading=\"lazy\" decoding=\"async\" width=\"1024\" height=\"1024\" src=\"https:\/\/carolcastroacb.com\/wp-content\/uploads\/2024\/08\/Design-sem-nome-14-1024x1024.png\" class=\"attachment-large size-large wp-image-35\" alt=\"\" srcset=\"https:\/\/carolcastroacb.com\/wp-content\/uploads\/2024\/08\/Design-sem-nome-14-1024x1024.png 1024w, https:\/\/carolcastroacb.com\/wp-content\/uploads\/2024\/08\/Design-sem-nome-14-300x300.png 300w, https:\/\/carolcastroacb.com\/wp-content\/uploads\/2024\/08\/Design-sem-nome-14-150x150.png 150w, https:\/\/carolcastroacb.com\/wp-content\/uploads\/2024\/08\/Design-sem-nome-14-768x768.png 768w, https:\/\/carolcastroacb.com\/wp-content\/uploads\/2024\/08\/Design-sem-nome-14-450x450.png 450w, https:\/\/carolcastroacb.com\/wp-content\/uploads\/2024\/08\/Design-sem-nome-14-600x600.png 600w, https:\/\/carolcastroacb.com\/wp-content\/uploads\/2024\/08\/Design-sem-nome-14-100x100.png 100w, https:\/\/carolcastroacb.com\/wp-content\/uploads\/2024\/08\/Design-sem-nome-14.png 1080w\" sizes=\"(max-width: 1024px) 100vw, 1024px\" \/>\t\t\t\t\t\t\t\t\t\t\t\t\t<\/div>\n\t\t\t\t<\/div>\n\t\t<div class=\"elementor-element elementor-element-621ae12 e-con-full e-flex e-con e-child\" data-id=\"621ae12\" data-element_type=\"container\">\n\t\t\t\t<div class=\"elementor-element elementor-element-256a044 elementor-widget-tablet__width-initial elementor-widget elementor-widget-heading\" data-id=\"256a044\" data-element_type=\"widget\" data-widget_type=\"heading.default\">\n\t\t\t\t<div class=\"elementor-widget-container\">\n\t\t\t<h2 class=\"elementor-heading-title elementor-size-default\">Como identificar se \u00e9 <i>amor <\/i>ou car\u00eancia?<\/h2>\t\t<\/div>\n\t\t\t\t<\/div>\n\t\t\t\t<div class=\"elementor-element elementor-element-9585350 elementor-widget elementor-widget-text-editor\" data-id=\"9585350\" data-element_type=\"widget\" data-widget_type=\"text-editor.default\">\n\t\t\t\t<div class=\"elementor-widget-container\">\n\t\t\t\t\t\t\t<p><span style=\"font-size: 17.8614px;\"><b>Car\u00eancia F\u00edsica:<\/b> se voc\u00ea est\u00e1 bem consigo mesma, aproveita o seu tempo se cuidando e focando na suas coisas e algu\u00e9m aparece no caminho para potencializar isso, \u00e9 amor. Agora se voc\u00ea se sente sozinha ou n\u00e3o consegue ficar sozinha, precisa&nbsp; estar com algu\u00e9m constantemente para se sentir amada, \u00e9 CAR\u00caNCIA.<\/span><\/p>\n<p><span style=\"font-size: 17.8614px;\"><b>Car\u00eancia Emocional: <\/b>Se voc\u00ea convive com pessoas e ambientes saud\u00e1veis, se sente acolhida e cuidada pelos seus amigos, familiares e pessoas que voc\u00ea confia e se envolve com algu\u00e9m que faz parte desse ciclo \u00c9 AMOR. Agora se voc\u00ea sente necessidade constante de ser aprovada pela pessoa que voc\u00ea est\u00e1 se relacionando, se sente insegura de quem voc\u00ea \u00e9, \u00c9 CAR\u00caNCIA.<\/span><\/p>\n<p><span style=\"font-size: 17.8614px;\"><\/span><\/p>\n<p><span style=\"font-size: 17.8614px;\"><b>Car\u00eancia Mental:<\/b> Se voc\u00ea se sente leve e aceita na rela\u00e7\u00e3o, \u00e9 AMOR. Agora se voc\u00ea n\u00e3o se sente suficiente no lado da pessoa, tem um sentimento de autocobran\u00e7a de que sempre precisa ser mais e melhor ao lado da pessoa, \u00c9 CAR\u00caNCIA.&nbsp;<\/span><\/p><div><span data-canva-clipboard=\"ewAiAGEAIgA6ADUALAAiAGgAIgA6ACIAdwB3AHcALgBjAGEAbgB2AGEALgBjAG8AbQAiACwAIgBjACIAOgAiAEQAQQBHAE8AaABSAFkAQgBOAFgATQAiACwAIgBpACIAOgAiAG0AMQBvAEwAOQA5AEcAVwBUAHEAcwBvAFAANwBEAHIAegBWAFIATgBpAHcAIgAsACIAYgAiADoAMQA3ADIANAAzADUAOQA3ADQANQA2ADMAMAAsACIAagAiADoAWwB7ACIAQQAiADoAewAiAEsAIgA6AHsAfQAsACIARAAiADoAewB9ACwAIgBMACIAOgB7ACIAQQAiADoAWwB7ACIAQQAiADoAewB9ACwAIgBCACIAOgAiAEMAIgB9ACwAewAiAEEAIgA6AHsAfQAsACIAQgAiADoAIgBCACIAfQBdAH0ALAAiAEUAIgA6AHsAfQAsACIARgAiADoAewAiAEEAIgA6ACIASQBkAGUAbgB0AGkAdAB5AC4AcABuAGcAIgAsACIAQgAiADoAMQB9ACwAIgBHACIAOgB7AH0ALAAiAEgAIgA6AHsAIgBCACIAOgAiAG4AbwBuAGUAIgAsACIAQwAiADoAIgAjADAAMAAwADAAMAAwACIALAAiAEQAIgA6ACIAIwBmAGYAZgBmAGYAZgAiAH0ALAAiAEoAIgA6AHsAIgBGACIAOgAiACMAMAAwADAAMAAwADAAIgB9ACwAIgBQACIAOgB7AH0AfQB9ACwAewAiAEEAIgA6AHsAIgBLACIAOgB7AH0ALAAiAEQAIgA6AHsAfQAsACIATAAiADoAewAiAEEAIgA6AFsAewAiAEEAIgA6AHsAfQAsACIAQgAiADoAIgBDACIAfQAsAHsAIgBBACIAOgB7AH0ALAAiAEIAIgA6ACIAQgAiAH0AXQB9ACwAIgBFACIAOgB7AH0ALAAiAEYAIgA6AHsAIgBBACIAOgAiAEkAZABlAG4AdABpAHQAeQAuAHAAbgBnACIALAAiAEIAIgA6ADEAfQAsACIARwAiADoAewB9ACwAIgBIACIAOgB7ACIAQgAiADoAIgBuAG8AbgBlACIALAAiAEMAIgA6ACIAIwAwADAAMAAwADAAMAAiACwAIgBEACIAOgAiACMAZgBmAGYAZgBmAGYAIgB9ACwAIgBKACIAOgB7ACIARgAiADoAIgAjADAAMAAwADAAMAAwACIAfQAsACIAUAAiADoAewB9ACwAIgBOACIAOgBbAHsAIgBBAD8AIgA6ACIARAAiAH0AXQB9AH0ALAB7ACIAQQAiADoAewAiAEsAIgA6AHsAfQAsACIARAAiADoAewB9ACwAIgBMACIAOgB7ACIAQQAiADoAWwB7ACIAQQAiADoAewB9ACwAIgBCACIAOgAiAEMAIgB9ACwAewAiAEEAIgA6AHsAfQAsACIAQgAiADoAIgBCACIAfQBdAH0ALAAiAEUAIgA6AHsAfQAsACIARgAiADoAewAiAEEAIgA6ACIASQBkAGUAbgB0AGkAdAB5AC4AcABuAGcAIgAsACIAQgAiADoAMQB9ACwAIgBHACIAOgB7AH0ALAAiAEgAIgA6AHsAIgBCACIAOgAiAG4AbwBuAGUAIgAsACIAQwAiADoAIgAjADAAMAAwADAAMAAwACIALAAiAEQAIgA6ACIAIwBmAGYAZgBmAGYAZgAiAH0ALAAiAEoAIgA6AHsAIgBGACIAOgAiACMAMAAwADAAMAAwADAAIgB9ACwAIgBQACIAOgB7AH0AfQB9AF0ALAAiAEEAPwAiADoAIgBCACIALAAiAEEAIgA6AFsAewAiAEEAIgA6ADkANQAuADQANAA5ADEAOAA2ADIANQA0ADYAMQA5ADYAMwAsACIAQgAiADoANgAxADYALgA2ADIANAAwADEANgAzADYANgAyADkAMQAyACwAIgBEACIAOgA2ADgAOAAuADMANAA5ADkANwAzADUANAA3ADEAMQAyACwAIgBDACIAOgA2ADgANAAuADkAMAA4ADIAMgAzADYANwA5ADMANwA2ADMALAAiAEUAIgA6ADEANgA1AC4AOAAxADUAMwAyADgAOQA0ADUAMwA1ADEAMwAzACwAIgBBAD8AIgA6ACIASQAiACwAIgBhACIAOgB7ACIAQgAiADoAewAiAEEAIgA6AHsAIgBBACIAOgAiAE0AQQBFAHgAcgBCAEEAQgBrAGUASQAiACwAIgBCACIAOgAxAH0ALAAiAEIAIgA6AHsAIgBEACIAOgA2ADgAOAAuADMANAA5ADkANwAzADUANAA3ADEAMQAyACwAIgBDACIAOgA2ADgANAAuADkAMAA4ADIAMgAzADYANwA5ADMANwA2ADMAfQB9ACwAIgBHACIAOgB0AHIAdQBlACwAIgBIACIAOgB0AHIAdQBlAH0AfQAsAHsAIgBBACIAOgAxADEAMQAuADUANwAzADcAMwA0ADQAMQA4ADAANwAwADUANgAsACIAQgAiADoANgA5ADkALgA3ADgAMgA0ADgAOAAyADYAMQA5ADAANAA0ACwAIgBEACIAOgA0ADIAMgAuADcAMwA3ADEAOQA2ADcANwA3ADQANgA1ADYANwAsACIAQwAiADoANQA2ADgALgA3ADQAMQAyADIANgAyADEAMQA4ADUAMAA2ACwAIgBBAD8AIgA6ACIASQAiACwAIgBhACIAOgB7ACIAQgAiADoAewAiAEEAIgA6AHsAIgBBACIAOgAiAE0AQQBHAE8AbABqAEoAeABDAGQAWQAiACwAIgBCACIAOgAxAH0ALAAiAEkAIgA6AHsAIgBBACIAOgAiAE0AQQBHAE8AbAB0AEUAOQBCAHgAZwAiACwAIgBCACIAOgAxAH0ALAAiAEIAIgA6AHsAIgBBACIAOgAtADYANgAuADkANQAzADgAMAA2ADUAMwA2ADIAMQA3ADkANAAsACIAQgAiADoALQAyAC4AOAA0ADIAMQA3ADAAOQA0ADMAMAA0ADAANAAwADEAZQAtADEANAAsACIARAAiADoANAAyADIALgA3ADMANwAxADkANgA3ADcANwA0ADYANQA2ADcALAAiAEMAIgA6ADYAMwA1AC4ANgA5ADUAMAAzADIANwA0ADgAMAA2ADgANgB9AH0AfQB9ACwAewAiAEEAIgA6ADUAMgAzAC4AOAA3ADYANgA2ADEANgAwADkANwA0ADkAMQAsACIAQgAiADoANQA2ADQALgA1ADIAMQAxADAANQAxADkAMQAwADcANwAxACwAIgBEACIAOgA3ADkAMgAuADUANQA1ADcAOQA1ADgAOQA3ADUANAAsACIAQwAiADoANwA5ADIALgA1ADUANQA3ADkANQA4ADkANwA1ADQALAAiAEEAPwAiADoAIgBJACIALAAiAGEAIgA6AHsAIgBBACIAOgBmAGEAbABzAGUALAAiAEIAIgA6AHsAIgBBACIAOgB7ACIAQQAiADoAIgBNAEEARgBIAHQAcwBKAEgAVwB6ADAAIgAsACIAQgAiADoAMQB9ACwAIgBCACIAOgB7ACIAQQAiADoALQA1AC4ANgA4ADQAMwA0ADEAOAA4ADYAMAA4ADAAOAAwADIAZQAtADEANAAsACIAQgAiADoALQA1AC4ANgA4ADQAMwA0ADEAOAA4ADYAMAA4ADAAOAAwADIAZQAtADEANAAsACIARAAiADoANwA5ADIALgA1ADUANQA3ADkANQA4ADkANwA1ADQALAAiAEMAIgA6ADcAOQAyAC4ANQA1ADUANwA5ADUAOAA5ADcANQA0AH0ALAAiAEMAIgA6AHsAIgAjADQAYwA0AGMANABjACIAOgAiACMANQAzADQAYgAzADgAIgB9AH0AfQB9AF0ALAAiAEIAIgA6ADEAMQAyADIALgA1ADEAOQA2ADgANQAwADMAOQAzADcAMAAyACwAIgBDACIAOgA2ADgAMAAuADMAMQA0ADkANgAwADYAMgA5ADkAMgAxADMAfQA=\"><\/span><\/div>\t\t\t\t\t\t<\/div>\n\t\t\t\t<\/div>\n\t\t\t\t<div class=\"elementor-element elementor-element-bb2c890 elementor-widget elementor-widget-text-editor\" data-id=\"bb2c890\" data-element_type=\"widget\" data-widget_type=\"text-editor.default\">\n\t\t\t\t<div class=\"elementor-widget-container\">\n\t\t\t\t\t\t\t<p><span style=\"font-size: 17.8614px;\">ME CONTA: seus relacionamentos tem sido <strong><span style=\"color: #cc5a5f;\">AMOR<\/span><\/strong> OU CAR\u00caNCIA?<\/span><\/p>\t\t\t\t\t\t<\/div>\n\t\t\t\t<\/div>\n\t\t\t\t<div class=\"elementor-element elementor-element-5acedcb animated-slow elementor-invisible elementor-widget elementor-widget-image\" data-id=\"5acedcb\" data-element_type=\"widget\" data-settings=\"{&quot;_animation&quot;:&quot;swing&quot;,&quot;_animation_delay&quot;:200}\" data-widget_type=\"image.default\">\n\t\t\t\t<div class=\"elementor-widget-container\">\n\t\t\t\t\t\t\t\t\t\t\t\t\t<img loading=\"lazy\" decoding=\"async\" width=\"606\" height=\"87\" src=\"https:\/\/carolcastroacb.com\/wp-content\/uploads\/2024\/08\/sofrer-nuncamais-7.png\" class=\"attachment-large size-large wp-image-37\" alt=\"\" srcset=\"https:\/\/carolcastroacb.com\/wp-content\/uploads\/2024\/08\/sofrer-nuncamais-7.png 606w, https:\/\/carolcastroacb.com\/wp-content\/uploads\/2024\/08\/sofrer-nuncamais-7-300x43.png 300w, https:\/\/carolcastroacb.com\/wp-content\/uploads\/2024\/08\/sofrer-nuncamais-7-600x86.png 600w\" sizes=\"(max-width: 606px) 100vw, 606px\" \/>\t\t\t\t\t\t\t\t\t\t\t\t\t<\/div>\n\t\t\t\t<\/div>\n\t\t\t\t<\/div>\n\t\t\t\t\t<\/div>\n\t\t\t\t<\/div>\n\t\t<div class=\"elementor-element elementor-element-7606fcd e-flex e-con-boxed e-con e-parent\" data-id=\"7606fcd\" data-element_type=\"container\" data-settings=\"{&quot;background_background&quot;:&quot;classic&quot;}\">\n\t\t\t\t\t<div class=\"e-con-inner\">\n\t\t\t\t<div class=\"elementor-element elementor-element-5fe0b4f elementor-widget elementor-widget-image\" data-id=\"5fe0b4f\" data-element_type=\"widget\" data-widget_type=\"image.default\">\n\t\t\t\t<div class=\"elementor-widget-container\">\n\t\t\t\t\t\t\t\t\t\t\t\t\t<img loading=\"lazy\" decoding=\"async\" width=\"713\" height=\"244\" src=\"https:\/\/carolcastroacb.com\/wp-content\/uploads\/2024\/08\/sofrer-nuncamais-8.png\" class=\"attachment-large size-large wp-image-38\" alt=\"\" srcset=\"https:\/\/carolcastroacb.com\/wp-content\/uploads\/2024\/08\/sofrer-nuncamais-8.png 713w, https:\/\/carolcastroacb.com\/wp-content\/uploads\/2024\/08\/sofrer-nuncamais-8-300x103.png 300w, https:\/\/carolcastroacb.com\/wp-content\/uploads\/2024\/08\/sofrer-nuncamais-8-600x205.png 600w\" sizes=\"(max-width: 713px) 100vw, 713px\" \/>\t\t\t\t\t\t\t\t\t\t\t\t\t<\/div>\n\t\t\t\t<\/div>\n\t\t\t\t\t<\/div>\n\t\t\t\t<\/div>\n\t\t<div class=\"elementor-element elementor-element-37eded1 e-flex e-con-boxed e-con e-parent\" data-id=\"37eded1\" data-element_type=\"container\" data-settings=\"{&quot;background_background&quot;:&quot;classic&quot;}\">\n\t\t\t\t\t<div class=\"e-con-inner\">\n\t\t\t\t<div class=\"elementor-element elementor-element-fdfa70f elementor-widget elementor-widget-image\" data-id=\"fdfa70f\" data-element_type=\"widget\" data-widget_type=\"image.default\">\n\t\t\t\t<div class=\"elementor-widget-container\">\n\t\t\t\t\t\t\t\t\t\t\t\t\t<img loading=\"lazy\" decoding=\"async\" width=\"564\" height=\"1024\" src=\"https:\/\/carolcastroacb.com\/wp-content\/uploads\/2024\/08\/IMG_6965-564x1024.jpg\" class=\"elementor-animation-grow attachment-large size-large wp-image-39\" alt=\"\" srcset=\"https:\/\/carolcastroacb.com\/wp-content\/uploads\/2024\/08\/IMG_6965-564x1024.jpg 564w, https:\/\/carolcastroacb.com\/wp-content\/uploads\/2024\/08\/IMG_6965-165x300.jpg 165w, https:\/\/carolcastroacb.com\/wp-content\/uploads\/2024\/08\/IMG_6965-768x1395.jpg 768w, https:\/\/carolcastroacb.com\/wp-content\/uploads\/2024\/08\/IMG_6965-846x1536.jpg 846w, https:\/\/carolcastroacb.com\/wp-content\/uploads\/2024\/08\/IMG_6965-600x1090.jpg 600w, https:\/\/carolcastroacb.com\/wp-content\/uploads\/2024\/08\/IMG_6965.jpg 1125w\" sizes=\"(max-width: 564px) 100vw, 564px\" \/>\t\t\t\t\t\t\t\t\t\t\t\t\t<\/div>\n\t\t\t\t<\/div>\n\t\t\t\t\t<\/div>\n\t\t\t\t<\/div>\n\t\t<div class=\"elementor-element elementor-element-3b91d2c e-flex e-con-boxed e-con e-parent\" data-id=\"3b91d2c\" data-element_type=\"container\" data-settings=\"{&quot;background_background&quot;:&quot;classic&quot;}\">\n\t\t\t\t\t<div class=\"e-con-inner\">\n\t\t<div class=\"elementor-element elementor-element-a8f4fa3 e-con-full e-flex e-con e-child\" data-id=\"a8f4fa3\" data-element_type=\"container\">\n\t\t\t\t<div class=\"elementor-element elementor-element-d464803 elementor-widget__width-initial elementor-widget elementor-widget-heading\" data-id=\"d464803\" data-element_type=\"widget\" data-widget_type=\"heading.default\">\n\t\t\t\t<div class=\"elementor-widget-container\">\n\t\t\t<h2 class=\"elementor-heading-title elementor-size-default\">J\u00e1 se envolveu com algu\u00e9m por car\u00eancia e no final quem saiu machucado foi voc\u00ea?<\/h2>\t\t<\/div>\n\t\t\t\t<\/div>\n\t\t\t\t<div class=\"elementor-element elementor-element-481c175 elementor-widget elementor-widget-text-editor\" data-id=\"481c175\" data-element_type=\"widget\" data-widget_type=\"text-editor.default\">\n\t\t\t\t<div class=\"elementor-widget-container\">\n\t\t\t\t\t\t\t<p><span style=\"font-size: 17.8614px;\">Eu sou a Carol Bertin, do perfil @carolbertinnn, e comecei minha carreira como produtora de conte\u00fado.&nbsp;<\/span><\/p>\n<p><span style=\"font-size: 17.8614px;\">Atrav\u00e9s dos meus conte\u00fados e palestras, promovo nas minhas &#8220;princesas&#8221; a consci\u00eancia do autocuidado com o corpo, a alma e o esp\u00edrito.&nbsp;<\/span><\/p>\n<p><span style=\"font-size: 17.8614px;\">Minhas redes sociais j\u00e1 contam com centenas de depoimentos de jovens que foram transformadas.<\/span><\/p>\n<p><span style=\"font-size: 17.8614px;\">Sou empres\u00e1ria, escritora, palestrante, mentora, consultora e e especialista em Comunica\u00e7\u00e3o. Al\u00e9m disso, sou formada em Programa\u00e7\u00e3o Neurolingu\u00edstica, MCIE (Master Coach em Intelig\u00eancia Emocional) e&nbsp; sou atriz profissional.<\/span><br><\/p>\t\t\t\t\t\t<\/div>\n\t\t\t\t<\/div>\n\t\t\t\t<\/div>\n\t\t\t\t<div class=\"elementor-element elementor-element-f0fbe3a elementor-widget__width-initial elementor-widget elementor-widget-image\" data-id=\"f0fbe3a\" data-element_type=\"widget\" data-widget_type=\"image.default\">\n\t\t\t\t<div class=\"elementor-widget-container\">\n\t\t\t\t\t\t\t\t\t\t\t\t\t<img loading=\"lazy\" decoding=\"async\" width=\"300\" height=\"182\" src=\"https:\/\/carolcastroacb.com\/wp-content\/uploads\/2024\/08\/sofrer-nuncamais-10-300x182.png\" class=\"attachment-medium size-medium wp-image-41\" alt=\"\" srcset=\"https:\/\/carolcastroacb.com\/wp-content\/uploads\/2024\/08\/sofrer-nuncamais-10-300x182.png 300w, https:\/\/carolcastroacb.com\/wp-content\/uploads\/2024\/08\/sofrer-nuncamais-10-1024x621.png 1024w, https:\/\/carolcastroacb.com\/wp-content\/uploads\/2024\/08\/sofrer-nuncamais-10-768x466.png 768w, https:\/\/carolcastroacb.com\/wp-content\/uploads\/2024\/08\/sofrer-nuncamais-10-1536x931.png 1536w, https:\/\/carolcastroacb.com\/wp-content\/uploads\/2024\/08\/sofrer-nuncamais-10-600x364.png 600w, https:\/\/carolcastroacb.com\/wp-content\/uploads\/2024\/08\/sofrer-nuncamais-10.png 1750w\" sizes=\"(max-width: 300px) 100vw, 300px\" \/>\t\t\t\t\t\t\t\t\t\t\t\t\t<\/div>\n\t\t\t\t<\/div>\n\t\t\t\t\t<\/div>\n\t\t\t\t<\/div>\n\t\t<div class=\"elementor-element elementor-element-2aed6ae e-flex e-con-boxed e-con e-parent\" data-id=\"2aed6ae\" data-element_type=\"container\" data-settings=\"{&quot;background_background&quot;:&quot;classic&quot;}\">\n\t\t\t\t\t<div class=\"e-con-inner\">\n\t\t\t\t<div class=\"elementor-element elementor-element-01aef1d elementor-invisible elementor-widget elementor-widget-image\" data-id=\"01aef1d\" data-element_type=\"widget\" data-settings=\"{&quot;_animation&quot;:&quot;swing&quot;}\" data-widget_type=\"image.default\">\n\t\t\t\t<div class=\"elementor-widget-container\">\n\t\t\t\t\t\t\t\t\t\t\t\t\t\t<a href=\"https:\/\/checkout4.xgrow.com\/pt\/02af6334-bc84-4269-b693-b3ff2b858d05\/NjE1ODM=\">\n\t\t\t\t\t\t\t<img loading=\"lazy\" decoding=\"async\" width=\"1024\" height=\"146\" src=\"https:\/\/carolcastroacb.com\/wp-content\/uploads\/2024\/08\/sofrer-nuncamais-5-1-1024x146.png\" class=\"attachment-large size-large wp-image-36\" alt=\"\" srcset=\"https:\/\/carolcastroacb.com\/wp-content\/uploads\/2024\/08\/sofrer-nuncamais-5-1-1024x146.png 1024w, https:\/\/carolcastroacb.com\/wp-content\/uploads\/2024\/08\/sofrer-nuncamais-5-1-300x43.png 300w, https:\/\/carolcastroacb.com\/wp-content\/uploads\/2024\/08\/sofrer-nuncamais-5-1-768x110.png 768w, https:\/\/carolcastroacb.com\/wp-content\/uploads\/2024\/08\/sofrer-nuncamais-5-1-600x86.png 600w, https:\/\/carolcastroacb.com\/wp-content\/uploads\/2024\/08\/sofrer-nuncamais-5-1.png 1036w\" sizes=\"(max-width: 1024px) 100vw, 1024px\" \/>\t\t\t\t\t\t\t\t<\/a>\n\t\t\t\t\t\t\t\t\t\t\t\t\t<\/div>\n\t\t\t\t<\/div>\n\t\t\t\t\t<\/div>\n\t\t\t\t<\/div>\n\t\t\t\t<\/div>\n\t\t","protected":false},"excerpt":{"rendered":"<p>J\u00e1 se envolveu com algu\u00e9m por car\u00eancia e no final quem saiu machucado foi voc\u00ea? Ent\u00e3o Pare de sofrer com seus relacionamentos e conhe\u00e7a as 31 t\u00e9cnicas para fortalecer sua forma de se relacionar com: familiares, amigos e namorado.&nbsp; Adquira agora o ebook: EMOCIONADA JAMAIS Como identificar se \u00e9 amor ou car\u00eancia? Car\u00eancia F\u00edsica: se [&hellip;]<\/p>\n","protected":false},"author":1,"featured_media":0,"parent":0,"menu_order":0,"comment_status":"closed","ping_status":"closed","template":"elementor_canvas","meta":{"om_disable_all_campaigns":false,"_monsterinsights_skip_tracking":false,"_monsterinsights_sitenote_active":false,"_monsterinsights_sitenote_note":"","_monsterinsights_sitenote_category":0,"footnotes":""},"aioseo_notices":[],"_links":{"self":[{"href":"https:\/\/carolcastroacb.com\/index.php\/wp-json\/wp\/v2\/pages\/14"}],"collection":[{"href":"https:\/\/carolcastroacb.com\/index.php\/wp-json\/wp\/v2\/pages"}],"about":[{"href":"https:\/\/carolcastroacb.com\/index.php\/wp-json\/wp\/v2\/types\/page"}],"author":[{"embeddable":true,"href":"https:\/\/carolcastroacb.com\/index.php\/wp-json\/wp\/v2\/users\/1"}],"replies":[{"embeddable":true,"href":"https:\/\/carolcastroacb.com\/index.php\/wp-json\/wp\/v2\/comments?post=14"}],"version-history":[{"count":55,"href":"https:\/\/carolcastroacb.com\/index.php\/wp-json\/wp\/v2\/pages\/14\/revisions"}],"predecessor-version":[{"id":96,"href":"https:\/\/carolcastroacb.com\/index.php\/wp-json\/wp\/v2\/pages\/14\/revisions\/96"}],"wp:attachment":[{"href":"https:\/\/carolcastroacb.com\/index.php\/wp-json\/wp\/v2\/media?parent=14"}],"curies":[{"name":"wp","href":"https:\/\/api.w.org\/{rel}","templated":true}]}}